{"id":13,"date":"2015-01-03T02:12:28","date_gmt":"2015-01-03T02:12:28","guid":{"rendered":"http:\/\/pnlhipnosisparaexito.com\/pnlhipnosisparasaludyfelicidad\/?page_id=13"},"modified":"2020-03-31T14:27:44","modified_gmt":"2020-03-31T18:27:44","slug":"olivierhidalgo","status":"publish","type":"page","link":"https:\/\/pnlhipnosisparaexito.com\/pnlhipnosisparasaludyfelicidad\/olivierhidalgo\/","title":{"rendered":"Olivier"},"content":{"rendered":"<div>\n<figure id=\"attachment_14\" aria-describedby=\"caption-attachment-14\" style=\"width: 203px\" class=\"wp-caption alignnone\"><a href=\"http:\/\/pnlhipnosisparaexito.com\/pnlhipnosisparasaludyfelicidad\/wp-content\/uploads\/2015\/01\/Oli_photo..png\"><img loading=\"lazy\" class=\"size-full wp-image-14\" src=\"http:\/\/pnlhipnosisparaexito.com\/pnlhipnosisparasaludyfelicidad\/wp-content\/uploads\/2015\/01\/Oli_photo..png\" alt=\"Hipn\u00f3logo Profesional\" width=\"203\" height=\"236\" \/><\/a><figcaption id=\"caption-attachment-14\" class=\"wp-caption-text\">Olivier Hidalgo. CI.\u00a0 NGH Instructor Certificado en Hipnosis.<\/figcaption><\/figure>\n<\/div>\n<p><img src=\"http:\/\/www.pnlhipnosisparaexito.com\/wpimages\/wp198d0bf4_06.png\" alt=\"\" \/><\/p>\n<div>\n<p>Olivier Hidalgo est\u00e1 Certificado como Instructor por The National Guild of Hypnotists, NGH.<\/p>\n<p>Certificado Hipnotista Consultante. (Certified Consulting Hypnotist).<\/p>\n<p>Certificado En Programaci\u00f3n Neuro-<wbr \/>Ling\u00fc\u00edstica<\/p>\n<p>Certificado \u00a0En \u00a0Personal Coach<\/p>\n<p>Time-<wbr \/>Based Techniques Certified, Humanistic Neuro-<wbr \/>Linguistic Psychology (HNLP),<\/p>\n<p>Miembro Certificado De National Guild of Hypnotists (NGH), \u00a0Miembro de \u00a0NLP Global Standards Association.<\/p>\n<\/div>\n<div>\n<p>NLP Hypnosis Centre Meta: Ayudarle a ser m\u00e1s feliz, m\u00e1s saludable y lograr sus metas personales y de negocio.<\/p>\n<\/div>\n","protected":false},"excerpt":{"rendered":"<p>Olivier Hidalgo est\u00e1 Certificado como Instructor por The National Guild of Hypnotists, NGH. Certificado Hipnotista Consultante. (Certified Consulting Hypnotist). Certificado En Programaci\u00f3n Neuro-Ling\u00fc\u00edstica Certificado \u00a0En \u00a0Personal Coach Time-Based Techniques Certified, Humanistic Neuro-Linguistic Psychology (HNLP), Miembro Certificado De National Guild of Hypnotists (NGH), \u00a0Miembro de \u00a0NLP Global Standards Association. NLP Hypnosis Centre Meta: Ayudarle a ser [&hellip;]<\/p>\n","protected":false},"author":1,"featured_media":155,"parent":0,"menu_order":0,"comment_status":"open","ping_status":"open","template":"","meta":[],"_links":{"self":[{"href":"https:\/\/pnlhipnosisparaexito.com\/pnlhipnosisparasaludyfelicidad\/wp-json\/wp\/v2\/pages\/13"}],"collection":[{"href":"https:\/\/pnlhipnosisparaexito.com\/pnlhipnosisparasaludyfelicidad\/wp-json\/wp\/v2\/pages"}],"about":[{"href":"https:\/\/pnlhipnosisparaexito.com\/pnlhipnosisparasaludyfelicidad\/wp-json\/wp\/v2\/types\/page"}],"author":[{"embeddable":true,"href":"https:\/\/pnlhipnosisparaexito.com\/pnlhipnosisparasaludyfelicidad\/wp-json\/wp\/v2\/users\/1"}],"replies":[{"embeddable":true,"href":"https:\/\/pnlhipnosisparaexito.com\/pnlhipnosisparasaludyfelicidad\/wp-json\/wp\/v2\/comments?post=13"}],"version-history":[{"count":6,"href":"https:\/\/pnlhipnosisparaexito.com\/pnlhipnosisparasaludyfelicidad\/wp-json\/wp\/v2\/pages\/13\/revisions"}],"predecessor-version":[{"id":890,"href":"https:\/\/pnlhipnosisparaexito.com\/pnlhipnosisparasaludyfelicidad\/wp-json\/wp\/v2\/pages\/13\/revisions\/890"}],"wp:featuredmedia":[{"embeddable":true,"href":"https:\/\/pnlhipnosisparaexito.com\/pnlhipnosisparasaludyfelicidad\/wp-json\/wp\/v2\/media\/155"}],"wp:attachment":[{"href":"https:\/\/pnlhipnosisparaexito.com\/pnlhipnosisparasaludyfelicidad\/wp-json\/wp\/v2\/media?parent=13"}],"curies":[{"name":"wp","href":"https:\/\/api.w.org\/{rel}","templated":true}]}}