{"id":214,"date":"2015-02-06T15:02:06","date_gmt":"2015-02-06T20:02:06","guid":{"rendered":"http:\/\/pnlhipnosisparaexito.com\/pnlhipnosisparasaludyfelicidad\/?page_id=214"},"modified":"2015-02-06T15:02:06","modified_gmt":"2015-02-06T20:02:06","slug":"terminos-de-usos-de-nuestros-sitios-web-y-blogs","status":"publish","type":"page","link":"https:\/\/pnlhipnosisparaexito.com\/pnlhipnosisparasaludyfelicidad\/terminos-de-usos-de-nuestros-sitios-web-y-blogs\/","title":{"rendered":"T\u00e9rminos de usos de nuestros sitios web y blogs."},"content":{"rendered":"<p>Bienvenido\/a a nuestros sitios web y blogs PNL Hipnosis Centre, nlphypnosiscentre.com y pnlhipnosisparaexito.com. Si contin\u00faa navegando y utilizando estos sitios web y blogs, usted acepta cumplir y estar obligado\/a por los siguientes t\u00e9rminos y condiciones de uso, que junto con nuestra pol\u00edtica de privacidad gobiernan NLP Hypnosis Centre, situado en Londres, Ontario, Canad\u00e1, relaci\u00f3n con usted en relaci\u00f3n a este sitio web y blog.<\/p>\n<p>Si no est\u00e1 de acuerdo con alguna de parte de estos t\u00e9rminos y condiciones, por favor no utilice nuestros sitios web o blogs.<\/p>\n<p>El t\u00e9rmino &#8220;NLP Hypnosis Centre&#8221;, o &#8220;nuestro negocio&#8221;, o &#8220;nosotros&#8221; o &#8220;nosotros&#8221; se refiere al propietario de estos sitios web y blogs. Empresas registrada en Ontario, Canad\u00e1.<\/p>\n<p>Nombre del Negocio: NLP Hypnosis Centre<\/p>\n<p>P\u00e1ginas web:<\/p>\n<p>Ingl\u00e9s: www.nlphypnosiscentre.com<\/p>\n<p>Espa\u00f1ol: www.pnlhipnosisparaexito.com<\/p>\n<p>N\u00famero de registro: 250003282<\/p>\n<p>HST N\u00famero de registro: 818274185RT0001<\/p>\n<p>El t\u00e9rmino &#8220;usted&#8221; se refiere al usuario o visitante de nuestro sitio web o blogs.<\/p>\n<p>El uso de sitios web y blogs PNL Hipnosis Centre, nlphypnosiscentre.com y pnlhipnosisparaexito.com est\u00e1 sujeta a las siguientes condiciones de uso.<\/p>\n<p>El contenido de las p\u00e1ginas, el blog, las opiniones son solamente para informaci\u00f3n general. Est\u00e1 sujeto a cambios sin previo aviso.<\/p>\n<p>Sitios web de la PNL Hipnosis Centro y blogs, nlphypnosiscentre.com y pnlhipnosisparaexito.com utilizan cookies para controlar las preferencias de navegaci\u00f3n.<\/p>\n<p>Los servidores que alojan la PNL Hipnosis Centro &#8211; nlphypnosiscentre.com y pnlhipnosiparaexito.com recogen y almacenan informaci\u00f3n que su navegador env\u00eda a ellos cuando usted solicita una p\u00e1gina web. Esta informaci\u00f3n incluye el nombre, el dominio y la direcci\u00f3n de Internet de su servicio de alojamiento (no su ordenador personal), la fecha, la hora, el navegador que utiliz\u00f3, y el sistema operativo. Toda esta informaci\u00f3n es s\u00f3lo para fines estad\u00edsticos.<\/p>\n<p>El uso de cualquier informaci\u00f3n o material en nuestros sitios web o blogs es enteramente a su propio riesgo, el cual no seremos responsables. Nosotros no hacemos garant\u00eda o garantiza la precisi\u00f3n de nuestros sitios web o blogs.<\/p>\n<p>Nuestros sitios web y blogs contienen material e im\u00e1genes que son propiedad de o licenciadas a nosotros. Este material incluye, pero no se limita a dise\u00f1o, presentaci\u00f3n y apariencia de nuestros sitios web y blogs.<\/p>\n<p>Todas las marcas reproducidas en nuestros sitios web que no son propiedad de nosotros, o con licencia para nuestro negocio o sitios web son reconocidos en nuestros sitios web y blogs.<\/p>\n<p>El uso no autorizado de nuestros sitios web y blogs puede dar lugar a una reclamaci\u00f3n por da\u00f1os y perjuicios y \/ o constituir un delito penal.<\/p>\n<p>El uso de nuestros sitios web y blogs y cualquier disputa que surja de ese uso de nuestros sitios web o blogs est\u00e1 sujeto a las leyes de Ontario, Canad\u00e1.<\/p>\n","protected":false},"excerpt":{"rendered":"<p>Bienvenido\/a a nuestros sitios web y blogs PNL Hipnosis Centre, nlphypnosiscentre.com y pnlhipnosisparaexito.com. Si contin\u00faa navegando y utilizando estos sitios web y blogs, usted acepta cumplir y estar obligado\/a por los siguientes t\u00e9rminos y condiciones de uso, que junto con nuestra pol\u00edtica de privacidad gobiernan NLP Hypnosis Centre, situado en Londres, Ontario, Canad\u00e1, relaci\u00f3n con [&hellip;]<\/p>\n","protected":false},"author":1,"featured_media":0,"parent":0,"menu_order":0,"comment_status":"closed","ping_status":"open","template":"","meta":[],"_links":{"self":[{"href":"https:\/\/pnlhipnosisparaexito.com\/pnlhipnosisparasaludyfelicidad\/wp-json\/wp\/v2\/pages\/214"}],"collection":[{"href":"https:\/\/pnlhipnosisparaexito.com\/pnlhipnosisparasaludyfelicidad\/wp-json\/wp\/v2\/pages"}],"about":[{"href":"https:\/\/pnlhipnosisparaexito.com\/pnlhipnosisparasaludyfelicidad\/wp-json\/wp\/v2\/types\/page"}],"author":[{"embeddable":true,"href":"https:\/\/pnlhipnosisparaexito.com\/pnlhipnosisparasaludyfelicidad\/wp-json\/wp\/v2\/users\/1"}],"replies":[{"embeddable":true,"href":"https:\/\/pnlhipnosisparaexito.com\/pnlhipnosisparasaludyfelicidad\/wp-json\/wp\/v2\/comments?post=214"}],"version-history":[{"count":1,"href":"https:\/\/pnlhipnosisparaexito.com\/pnlhipnosisparasaludyfelicidad\/wp-json\/wp\/v2\/pages\/214\/revisions"}],"predecessor-version":[{"id":215,"href":"https:\/\/pnlhipnosisparaexito.com\/pnlhipnosisparasaludyfelicidad\/wp-json\/wp\/v2\/pages\/214\/revisions\/215"}],"wp:attachment":[{"href":"https:\/\/pnlhipnosisparaexito.com\/pnlhipnosisparasaludyfelicidad\/wp-json\/wp\/v2\/media?parent=214"}],"curies":[{"name":"wp","href":"https:\/\/api.w.org\/{rel}","templated":true}]}}