{"id":220,"date":"2015-02-06T15:41:24","date_gmt":"2015-02-06T20:41:24","guid":{"rendered":"http:\/\/pnlhipnosisparaexito.com\/pnlhipnosisparasaludyfelicidad\/?page_id=220"},"modified":"2015-02-06T15:41:24","modified_gmt":"2015-02-06T20:41:24","slug":"nlp-hypnosis-centre-garantia","status":"publish","type":"page","link":"https:\/\/pnlhipnosisparaexito.com\/pnlhipnosisparasaludyfelicidad\/nlp-hypnosis-centre-garantia\/","title":{"rendered":"NLP Hypnosis Centre &#8211; Garant\u00eda"},"content":{"rendered":"<p>NLP Hypnosis Centre &#8211; PNL Hypnosis Para \u00c9xito Garant\u00eda.<\/p>\n<p>El \u00e9xito con la Hipnosis, Life Coaching y PNL depende de muchas variables, incluyendo su motivaci\u00f3n y actitud. Asistir a programar sesiones y hacer su parte.<\/p>\n<p>Nosotros, en la PNL Hipnosis Para \u00c9xito garantizamos la calidad de nuestros productos y servicios, y la profesionalidad de nuestra empresa, pero no podemos garantizar los resultados.<\/p>\n<p>Estamos aqu\u00ed para ayudarle dentro de lo mejor de nuestro conocimiento y capacidad, pero en las t\u00e9cnicas que utilizamos tambi\u00e9n dependemos de su participaci\u00f3n y actitud.<\/p>\n<p>Si usted viene a su primera sesi\u00f3n de Hipnosis y por cualquier raz\u00f3n no es capaz de ser hipnotizada\/o, le sugeriremos usar otras t\u00e9cnicas, como el Life Coaching y PNL,\u00a0o le devolveremos su dinero si usted no desea usar las otras alternativas.<\/p>\n<p>Si despu\u00e9s de haber terminado un programa y que est\u00e1 totalmente pagada y usted no ha alcanzado su objetivo original, NLP Hypnosis Centre le proporcionar\u00e1 sesiones de refuerzo gratis como necesidad hasta llegar a su objetivo original (una sesi\u00f3n por mes como m\u00e1ximo).<\/p>\n<p>Es muy importante entender que nosotros como hipn\u00f3logos o hipnotistas no tenemos ning\u00fan control sobre usted &#8230; as\u00ed que no podemos obligarle a hacer cosas y es por eso que siempre decimos &#8220;La hipnosis no es sobre el control sobre usted si no un trabajo de equipo&#8221;, basado en eso es imposible que un Hipnotizador, Hipnoterapeuta, Hipn\u00f3logo o Hipnotista le pueda garantizar los resultados.<\/p>\n<p>Siempre decimos &#8220;Es un trabajo en equipo&#8221;, por lo que requiere una cantidad m\u00ednima de su participaci\u00f3n.<\/p>\n<p>S\u00f3lo queremos asegurarle que nos preocupamos por su \u00e9xito y por ello queremos estar claros desde el principio.<\/p>\n<p>Life Coaching, Programaci\u00f3n Neuro-Ling\u00fc\u00edstica y la Hipnosis son t\u00e9cnicas muy potentes que pueden cambiar su vida de una manera muy positiva, pero siempre depende de que usted realmente quiera\u00a0hacer esos cambios.<\/p>\n<p>Si realmente quiere hacer cambios positivos en su vida. Si desea eliminar los malos h\u00e1bitos no saludables y crear los positivos, nuestras t\u00e9cnicas no s\u00f3lo permitir\u00e1n el hacerlo, pero tambi\u00e9n hacen que sea relativamente f\u00e1cil, m\u00e1s r\u00e1pido y m\u00e1s seguro que otros m\u00e9todos.<\/p>\n<p>Si usted sigue las instrucciones que no s\u00f3lo se sentir\u00e1 mejor y m\u00e1s relajado, pero usted encontrar\u00e1 que su vida es cada vez m\u00e1s positiva. Algunos cambios se pueden hacer en una sola sesi\u00f3n, pero en ciertos casos se requerir\u00e1n m\u00e1s de una sesi\u00f3n. Si usted no est\u00e1 consiguiendo los resultados que espera de la meta original, nosotros le proporcionamos con sesiones adicionales sin cargo extra hasta que est\u00e9 satisfecho\/a. (Una sesi\u00f3n por mes).<\/p>\n<p>PNL Hipnosis Para \u00c9xito\u00a0es capaz de ofrecer esta garant\u00eda porque sabemos que las t\u00e9cnicas que utilizamos, Hipnosis, Programaci\u00f3n Neuro-Ling\u00fc\u00edstica y Life Coaching de vida, trabajan, son seguras y eficaces. \u00a0Las usamos nosotros mismos. Utilizamos estas t\u00e9cnicas para crear resultados positivos en nuestras vidas.<\/p>\n<p>Condiciones de la garant\u00eda.<\/p>\n<p>Esta garant\u00eda ser\u00e1 inv\u00e1lida en cualquiera de los siguientes eventos:<\/p>\n<p>1.- Si cancela, pospone o deja de atender cualquier sesi\u00f3n o llegar m\u00e1s de quince minutos tarde a cualquier sesi\u00f3n.<\/p>\n<p>2.- Si no asiste o llega m\u00e1s de quince minutos tarde a las sesiones de apoyo gratis.<\/p>\n<p>3.- Reclamaci\u00f3n se hace despu\u00e9s de 60 d\u00edas despu\u00e9s de la \u00faltima sesi\u00f3n (por audios \/ videos \/ pdfs \/ informes \/ libros electr\u00f3nicos).<\/p>\n<p>Si empieza a fumar de nuevo 3 meses despu\u00e9s de la \u00faltima sesi\u00f3n, vamos a ofrecerle sesiones de apoyo gratis. Una por mes como m\u00e1ximo. Si quiere hacer m\u00e1s de una sesi\u00f3n por mes, le daremos un descuento del 50% en las sesiones extras.<\/p>\n<p>Nuestra oficina est\u00e1 ubicada en la hermosa ciudad de London, Ontario, Canad\u00e1.<\/p>\n<p>En El Centro Ejecutivo<\/p>\n<p>151 York Street, London, Ontario. Canad\u00e1 N6A 1A8<\/p>\n<p>Horario de atenci\u00f3n: de lunes a viernes. 09 a.m.-5 p.m..<\/p>\n<p>Somos m\u00f3vil. Le podemos visitar en su casa, oficina o negocio. Hacemos visitas a domicilio fuera de nuestras horas normales de oficina. En un momento en que es m\u00e1s conveniente para usted. Por favor llame 519-495-6405 para m\u00e1s informaci\u00f3n.<\/p>\n<p>Estamos en l\u00ednea. Lo hacemos a trav\u00e9s de sesiones de Skype o FaceTime. Hacemos sesiones en l\u00ednea fuera de nuestras horas normales de oficina. En un momento en que es m\u00e1s conveniente para usted. Por favor llame 519-495-6405 para m\u00e1s informaci\u00f3n.<\/p>\n<p>Somos biling\u00fces. Ingl\u00e9s y Espa\u00f1ol.<\/p>\n<p>Sesiones de Hipnosis, PNL y Entrenamiento Personal (Life Coaching) en Espa\u00f1ol.<\/p>\n<p>We also speak English. We do Hypnosis, NLP and Life Coaching Sessions in English.<\/p>\n<p><a href=\"http:\/\/www.nlphypnosiscentre.com\">Click here for more info<\/a><\/p>\n","protected":false},"excerpt":{"rendered":"<p>NLP Hypnosis Centre &#8211; PNL Hypnosis Para \u00c9xito Garant\u00eda. El \u00e9xito con la Hipnosis, Life Coaching y PNL depende de muchas variables, incluyendo su motivaci\u00f3n y actitud. Asistir a programar sesiones y hacer su parte. Nosotros, en la PNL Hipnosis Para \u00c9xito garantizamos la calidad de nuestros productos y servicios, y la profesionalidad de nuestra [&hellip;]<\/p>\n","protected":false},"author":1,"featured_media":0,"parent":0,"menu_order":0,"comment_status":"closed","ping_status":"open","template":"","meta":[],"_links":{"self":[{"href":"https:\/\/pnlhipnosisparaexito.com\/pnlhipnosisparasaludyfelicidad\/wp-json\/wp\/v2\/pages\/220"}],"collection":[{"href":"https:\/\/pnlhipnosisparaexito.com\/pnlhipnosisparasaludyfelicidad\/wp-json\/wp\/v2\/pages"}],"about":[{"href":"https:\/\/pnlhipnosisparaexito.com\/pnlhipnosisparasaludyfelicidad\/wp-json\/wp\/v2\/types\/page"}],"author":[{"embeddable":true,"href":"https:\/\/pnlhipnosisparaexito.com\/pnlhipnosisparasaludyfelicidad\/wp-json\/wp\/v2\/users\/1"}],"replies":[{"embeddable":true,"href":"https:\/\/pnlhipnosisparaexito.com\/pnlhipnosisparasaludyfelicidad\/wp-json\/wp\/v2\/comments?post=220"}],"version-history":[{"count":1,"href":"https:\/\/pnlhipnosisparaexito.com\/pnlhipnosisparasaludyfelicidad\/wp-json\/wp\/v2\/pages\/220\/revisions"}],"predecessor-version":[{"id":221,"href":"https:\/\/pnlhipnosisparaexito.com\/pnlhipnosisparasaludyfelicidad\/wp-json\/wp\/v2\/pages\/220\/revisions\/221"}],"wp:attachment":[{"href":"https:\/\/pnlhipnosisparaexito.com\/pnlhipnosisparasaludyfelicidad\/wp-json\/wp\/v2\/media?parent=220"}],"curies":[{"name":"wp","href":"https:\/\/api.w.org\/{rel}","templated":true}]}}