{"id":315,"date":"2015-05-13T11:39:18","date_gmt":"2015-05-13T15:39:18","guid":{"rendered":"http:\/\/pnlhipnosisparaexito.com\/pnlhipnosisparasaludyfelicidad\/?page_id=315"},"modified":"2015-05-13T11:39:18","modified_gmt":"2015-05-13T15:39:18","slug":"servicio-voluntario","status":"publish","type":"page","link":"https:\/\/pnlhipnosisparaexito.com\/pnlhipnosisparasaludyfelicidad\/servicio-voluntario\/","title":{"rendered":"Servicio Voluntario"},"content":{"rendered":"<h1 style=\"text-align: center;\">Servicio Voluntario en NLP Hypnosis Centre<\/h1>\n<h2 style=\"text-align: center;\">\u00bfQu\u00e9 Hacemos En NLP Hypnosis Centre?<\/h2>\n<p>Ayer en una conferencia me preguntaban si hacemos precios especiales para personas de escasos recursos o personas que por estar sin trabajo no podr\u00edan pagar nuestros servicios.<\/p>\n<p>La respuesta es SI, claro por supuesto.<\/p>\n<p>Si usted o alguien que conoce puede beneficiarse de nuestros servicio por favor comun\u00edquese con nosotros y con gusto le ayudamos. Lo mismo si sabe de alguna organizaci\u00f3n a quienes podemos ser de utilidad.<\/p>\n<p>NLP Hypnosis Centre se puede encontrar por Skype &#8220;nlphypnosiscentre&#8221; o por tel\u00e9fono 519-495-6405 o correo ohidalgo@pnlhipnosisparaexito.com \u2026 ojo si no contest\u00f3 inmediatamente es porque estoy con alg\u00fan cliente o en conferencia \u2026 por favor dejar mensaje.<\/p>\n<p>Por supuesto siempre nos pueden visitar en nuestra oficina en 151 York Street, London, Ontario, Canad\u00e1 (Solamente por cita).<\/p>\n<p>NLP Hypnosis Centre es una compa\u00f1\u00eda dedicada a ayudar a personas y negocios a desarrollar su potencial humano, profesional y de negocios.<\/p>\n<p>Usamos varias t\u00e9cnicas entre ellas El Entrenamiento Personal (Life Coaching), La programaci\u00f3n Neuro-Ling\u00fc\u00edstica y la Hipnosis. Nuestra meta es ayudarle a sentirse mejor, m\u00e1s saludable, con mayor felicidad y paz interior y lograr mayor \u00e9xito en su vida personal, profesional o de negocios.<\/p>\n<p>Claro promovemos mucho el uso de Hipnosis como una t\u00e9cnica muy poderosa.<\/p>\n<p>\u00bfQu\u00e9 es Hipnosis?<\/p>\n<p>Hipnosis es b\u00e1sicamente un estado de relajaci\u00f3n focalizado en donde usted tiene m\u00e1s f\u00e1cil acceso a su subconsciente y por lo mismo los cambios pueden ser m\u00e1s f\u00e1ciles y poderosos.<\/p>\n<p>Por ejemplo \u2026 la pr\u00f3xima vez que se sienta triste o deprimida(o) \u2026 recuerde, vea, imagine, sienta, f\u00edsica y mentalmente una experiencia en donde se sinti\u00f3 muy feliz \u2026 vea esa imagen por unos minutos, sienta los olores \u2026 experimente en su mente y su cuerpo esa experiencia de nuevo \u2026 vea como su estado de \u00e1nimo cambia \u2026 eso es visualizar \u2026 y es tener acceso a su subconsciente \u2026 y es muchas veces parte de una sesi\u00f3n de hipnosis \u2026 el recordar experiencias positivas para asociarlas y ayudarnos a cambiar nuestro \u00e1nimo.<\/p>\n<p>\u00bfEs malo tener acceso a su subconsciente?<\/p>\n<p>No, para nada. Lo hacemos todo el tiempo en forma inconsciente \u2026 por ejemplo cuando manejamos un veh\u00edculo, ya que toda la informaci\u00f3n de como usar los pies y manos para manejar est\u00e1 all\u00ed. Cuando de repente se nos ocurre hacer algo que no hac\u00edamos hace mucho tiempo, como montar una bicicleta por ejemplo, y despu\u00e9s de unos minutos de &#8220;pataleo&#8221;, lo hacemos de nuevo \u2026 hemos extra\u00eddo de nuestro subconsciente como manejar una bicicleta.<\/p>\n<p>\u00bfQu\u00e9 es la Programaci\u00f3n Programaci\u00f3n Neuro-Ling\u00fc\u00edstica?<\/p>\n<p>Es una t\u00e9cnica que nos ayuda a comunicarnos mejor con nosotros mismos y entender el porque otros hacen o interpretan algo en forma diferente que nosotros. Usa la comunicaci\u00f3n con nuestro subconsciente y el uso del lenguaje y. Es muy similar a la Hipnosis, pero no es Hipnosis.<\/p>\n<p>\u00bfQu\u00e9 es el Entrenamiento Personal o Life Coaching?<\/p>\n<p>Es ayudarle a una persona a desarrollar su potencial en forma positiva. Puede ayudarle en forma personal, profesional o de negocios.<\/p>\n<p>Existen muchos m\u00e9todos para Entrenamiento Personal. Nosotros en NLP Hypnosis Centre usamos lo que se conoce com Personal Coaching por medio de Programaci\u00f3n Neuro-Ling\u00fc\u00edstica.<br \/>\n\u00bfPueden todas est\u00e1s t\u00e9cnicas usarse para el mal o manipular?<\/p>\n<p>Ciertamente.<\/p>\n<p>Si usted observa se dar\u00e1 cuenta que muchos sacerdotes, pastores, pol\u00edticos, l\u00edderes usan est\u00e1s t\u00e9cnicas \u2026 unos para bien, otros para m\u00e1l \u2026 puede ver su uso en muchos comerciales \u2026 analice y piense \u00bfPor qu\u00e9 usa la ropa que usa, por qu\u00e9 bebe o come determinado producto? \u00bf Porqu\u00e9 est\u00e1 en Facebook o cualquier otra red social?<\/p>\n<p>Todo conocimiento del ser humano puede ser usado para mal o para bien. Todos somos susceptible a la influencia o sugesti\u00f3n. Todos conocemos un Doctor o Psic\u00f3logo o Pastor o Sacerdote que han usado sus conocimientos para hacer mal. Muchos hemos visto como un cuchillo puede matar a alguien. Pero tambi\u00e9n hemos visto Doctores, Psic\u00f3logos, Pastores y Sacerdotes que han dado mucho beneficio a la humanidad. Tambi\u00e9n hemos visto como un bistur\u00ed, un cuchillo con mucho filo :-), puede ser usado para salvar la vida de alguien.<\/p>\n<p>Como todo lo importante es que usted si va a un Doctor \u2026 vaya a un profesional \u2026 si visita a un Hipnotista \u2026 vaya a un profesional.S<\/p>\n","protected":false},"excerpt":{"rendered":"<p>Servicio Voluntario en NLP Hypnosis Centre \u00bfQu\u00e9 Hacemos En NLP Hypnosis Centre? Ayer en una conferencia me preguntaban si hacemos precios especiales para personas de escasos recursos o personas que por estar sin trabajo no podr\u00edan pagar nuestros servicios. La respuesta es SI, claro por supuesto. Si usted o alguien que conoce puede beneficiarse de [&hellip;]<\/p>\n","protected":false},"author":1,"featured_media":259,"parent":0,"menu_order":0,"comment_status":"closed","ping_status":"open","template":"","meta":[],"_links":{"self":[{"href":"https:\/\/pnlhipnosisparaexito.com\/pnlhipnosisparasaludyfelicidad\/wp-json\/wp\/v2\/pages\/315"}],"collection":[{"href":"https:\/\/pnlhipnosisparaexito.com\/pnlhipnosisparasaludyfelicidad\/wp-json\/wp\/v2\/pages"}],"about":[{"href":"https:\/\/pnlhipnosisparaexito.com\/pnlhipnosisparasaludyfelicidad\/wp-json\/wp\/v2\/types\/page"}],"author":[{"embeddable":true,"href":"https:\/\/pnlhipnosisparaexito.com\/pnlhipnosisparasaludyfelicidad\/wp-json\/wp\/v2\/users\/1"}],"replies":[{"embeddable":true,"href":"https:\/\/pnlhipnosisparaexito.com\/pnlhipnosisparasaludyfelicidad\/wp-json\/wp\/v2\/comments?post=315"}],"version-history":[{"count":1,"href":"https:\/\/pnlhipnosisparaexito.com\/pnlhipnosisparasaludyfelicidad\/wp-json\/wp\/v2\/pages\/315\/revisions"}],"predecessor-version":[{"id":317,"href":"https:\/\/pnlhipnosisparaexito.com\/pnlhipnosisparasaludyfelicidad\/wp-json\/wp\/v2\/pages\/315\/revisions\/317"}],"wp:featuredmedia":[{"embeddable":true,"href":"https:\/\/pnlhipnosisparaexito.com\/pnlhipnosisparasaludyfelicidad\/wp-json\/wp\/v2\/media\/259"}],"wp:attachment":[{"href":"https:\/\/pnlhipnosisparaexito.com\/pnlhipnosisparasaludyfelicidad\/wp-json\/wp\/v2\/media?parent=315"}],"curies":[{"name":"wp","href":"https:\/\/api.w.org\/{rel}","templated":true}]}}